{"id":9623,"date":"2020-03-05T17:22:26","date_gmt":"2020-03-05T15:22:26","guid":{"rendered":"https:\/\/sunranxx.com\/el-lugar\/"},"modified":"2022-05-13T09:07:44","modified_gmt":"2022-05-13T07:07:44","slug":"el-lugar","status":"publish","type":"page","link":"https:\/\/sunranxx.com\/es\/el-lugar\/","title":{"rendered":"El lugar"},"content":{"rendered":"<p>[vc_row disable_element=\u00bbyes\u00bb][vc_column el_class=\u00bbaligncenter\u00bb]<h2>The place to be<\/h2><div class='dt-sc-hr-invisible-small '> <\/div><div class='dt-sc-clear '> <\/div>[\/vc_column][\/vc_row][vc_row full_width=\u00bbstretch_row_content_no_spaces\u00bb][vc_column][vc_single_image image=\u00bb12561\u2033 img_size=\u00bbfull\u00bb alignment=\u00bbcenter\u00bb style=\u00bbvc_box_border\u00bb css=\u00bb.vc_custom_1652346151534{background-position: center !important;background-repeat: no-repeat !important;background-size: contain !important;}\u00bb][\/vc_column][\/vc_row][vc_row full_width=\u00bbstretch_row_content\u00bb][vc_column][vc_row_inner][vc_column_inner width=\u00bb1\/2\u2033]<div class='dt-sc-icon-box type4 '><div class=\"icon-wrapper\"><img loading=\"lazy\" decoding=\"async\" width=\"100\" height=\"100\" src=\"https:\/\/sunranxx.com\/wp-content\/uploads\/2022\/03\/01.png\" class=\"attachment-full\" alt=\"\" srcset=\"https:\/\/sunranxx.com\/wp-content\/uploads\/2022\/03\/01.png 100w, https:\/\/sunranxx.com\/wp-content\/uploads\/2022\/03\/01-75x75.png 75w\" sizes=\"auto, (max-width: 100px) 100vw, 100px\" \/><\/div><div class=\"icon-content\"><h5>Per\u00edmetre art\u00edstic<\/h5><p>Exhibici\u00f3n de grafiti y muralismo en vivo. Exposici\u00f3n de fotograf\u00eda, ilustraci\u00f3n digital.<\/p><\/div><\/a><\/div><div class='dt-sc-icon-box type4 '><div class=\"icon-wrapper\"><img loading=\"lazy\" decoding=\"async\" width=\"100\" height=\"100\" src=\"https:\/\/sunranxx.com\/wp-content\/uploads\/2022\/03\/02.png\" class=\"attachment-full\" alt=\"\" srcset=\"https:\/\/sunranxx.com\/wp-content\/uploads\/2022\/03\/02.png 100w, https:\/\/sunranxx.com\/wp-content\/uploads\/2022\/03\/02-75x75.png 75w\" sizes=\"auto, (max-width: 100px) 100vw, 100px\" \/><\/div><div class=\"icon-content\"><h5>La Palestra<\/h5><p>Espacio para actuaciones e interpretaciones cercanas al p\u00fablico. En formato solitario o en petit comit\u00e9.<\/p><\/div><\/a><\/div><div class='dt-sc-icon-box type4 '><div class=\"icon-wrapper\"><img loading=\"lazy\" decoding=\"async\" width=\"100\" height=\"100\" src=\"https:\/\/sunranxx.com\/wp-content\/uploads\/2022\/03\/03.png\" class=\"attachment-full\" alt=\"\" srcset=\"https:\/\/sunranxx.com\/wp-content\/uploads\/2022\/03\/03.png 100w, https:\/\/sunranxx.com\/wp-content\/uploads\/2022\/03\/03-75x75.png 75w\" sizes=\"auto, (max-width: 100px) 100vw, 100px\" \/><\/div><div class=\"icon-content\"><h5>El Bosquet<\/h5><p>Market. Los expositores entre \u00e1rboles y sobre la hierba. Una zona relajada, fresca y con la m\u00fasica ambiente de la Palestra.<\/p><\/div><\/a><\/div><div class='dt-sc-icon-box type4 '><div class=\"icon-wrapper\"><img loading=\"lazy\" decoding=\"async\" width=\"100\" height=\"100\" src=\"https:\/\/sunranxx.com\/wp-content\/uploads\/2022\/03\/04.png\" class=\"attachment-full\" alt=\"\" srcset=\"https:\/\/sunranxx.com\/wp-content\/uploads\/2022\/03\/04.png 100w, https:\/\/sunranxx.com\/wp-content\/uploads\/2022\/03\/04-75x75.png 75w\" sizes=\"auto, (max-width: 100px) 100vw, 100px\" \/><\/div><div class=\"icon-content\"><h5>Les Galeries<\/h5><p>Salas de exposici\u00f3n de arte y escultura de diferentes artistas (Salas interiores).<\/p><\/div><\/a><\/div><div class='dt-sc-icon-box type4 '><div class=\"icon-wrapper\"><img loading=\"lazy\" decoding=\"async\" width=\"100\" height=\"100\" src=\"https:\/\/sunranxx.com\/wp-content\/uploads\/2022\/03\/05.png\" class=\"attachment-full\" alt=\"\" srcset=\"https:\/\/sunranxx.com\/wp-content\/uploads\/2022\/03\/05.png 100w, https:\/\/sunranxx.com\/wp-content\/uploads\/2022\/03\/05-75x75.png 75w\" sizes=\"auto, (max-width: 100px) 100vw, 100px\" \/><\/div><div class=\"icon-content\"><h5>El Caminet<\/h5><p>Recorrido de actividades y juegos infantiles que enlaza la fuente con la Sala Perpl\u00e8xa.<\/p><\/div><\/a><\/div>[\/vc_column_inner][vc_column_inner width=\u00bb1\/2\u2033][vc_empty_space height=\u00bb30px\u00bb]<div class='dt-sc-icon-box type4 '><div class=\"icon-wrapper\"><img loading=\"lazy\" decoding=\"async\" width=\"100\" height=\"100\" src=\"https:\/\/sunranxx.com\/wp-content\/uploads\/2022\/03\/06.png\" class=\"attachment-full\" alt=\"\" srcset=\"https:\/\/sunranxx.com\/wp-content\/uploads\/2022\/03\/06.png 100w, https:\/\/sunranxx.com\/wp-content\/uploads\/2022\/03\/06-75x75.png 75w\" sizes=\"auto, (max-width: 100px) 100vw, 100px\" \/><\/div><div class=\"icon-content\"><h5>La Placeta<\/h5><p>Market. Los expositores en la bonita plaza central. Zona de uni\u00f3n y de paso con el resto de espacios.<\/p><\/div><\/a><\/div><div class='dt-sc-icon-box type4 '><div class=\"icon-wrapper\"><img loading=\"lazy\" decoding=\"async\" width=\"100\" height=\"100\" src=\"https:\/\/sunranxx.com\/wp-content\/uploads\/2022\/03\/07.png\" class=\"attachment-full\" alt=\"\" srcset=\"https:\/\/sunranxx.com\/wp-content\/uploads\/2022\/03\/07.png 100w, https:\/\/sunranxx.com\/wp-content\/uploads\/2022\/03\/07-75x75.png 75w\" sizes=\"auto, (max-width: 100px) 100vw, 100px\" \/><\/div><div class=\"icon-content\"><h5>Sala Perpl\u00e8xa<\/h5><p>Actuaciones teatrales, infantiles, mon\u00f3logos, danza, circo, conferencias, espiritualidad\u2026Cortometrajes, mapping, realidad virtual\u2026<\/p><\/div><\/a><\/div><div class='dt-sc-icon-box type4 '><div class=\"icon-wrapper\"><img loading=\"lazy\" decoding=\"async\" width=\"100\" height=\"100\" src=\"https:\/\/sunranxx.com\/wp-content\/uploads\/2022\/03\/08.png\" class=\"attachment-full\" alt=\"\" srcset=\"https:\/\/sunranxx.com\/wp-content\/uploads\/2022\/03\/08.png 100w, https:\/\/sunranxx.com\/wp-content\/uploads\/2022\/03\/08-75x75.png 75w\" sizes=\"auto, (max-width: 100px) 100vw, 100px\" \/><\/div><div class=\"icon-content\"><h5>El Tancat del Mufl\u00f3<\/h5><p>En formato de \u201cRanxxo\u201d. \u00c1rea de food trucks, guirnaldas y mesas encaradas al Escenari del Mufl\u00f3<\/p><\/div><\/a><\/div><div class='dt-sc-icon-box type4 '><div class=\"icon-wrapper\"><img loading=\"lazy\" decoding=\"async\" width=\"100\" height=\"100\" src=\"https:\/\/sunranxx.com\/wp-content\/uploads\/2022\/03\/09.png\" class=\"attachment-full\" alt=\"\" srcset=\"https:\/\/sunranxx.com\/wp-content\/uploads\/2022\/03\/09.png 100w, https:\/\/sunranxx.com\/wp-content\/uploads\/2022\/03\/09-75x75.png 75w\" sizes=\"auto, (max-width: 100px) 100vw, 100px\" \/><\/div><div class=\"icon-content\"><h5>Escenari del Mufl\u00f3<\/h5><p>Con actuaciones musicales ecl\u00e9cticas, exhibiciones grupales y las performances de los a\u00e9reos.<\/p><\/div><\/a><\/div>[\/vc_column_inner][\/vc_row_inner][\/vc_column][\/vc_row]<\/p>\n","protected":false},"excerpt":{"rendered":"<p>[vc_row disable_element=\u00bbyes\u00bb][vc_column el_class=\u00bbaligncenter\u00bb]The place to be [\/vc_column][\/vc_row][vc_row full_width=\u00bbstretch_row_content_no_spaces\u00bb][vc_column][vc_single_image image=\u00bb12561\u2033 img_size=\u00bbfull\u00bb alignment=\u00bbcenter\u00bb style=\u00bbvc_box_border\u00bb css=\u00bb.vc_custom_1652346151534{background-position: center !important;background-repeat: no-repeat !important;background-size: contain !important;}\u00bb][\/vc_column][\/vc_row][vc_row full_width=\u00bbstretch_row_content\u00bb][vc_column][vc_row_inner][vc_column_inner width=\u00bb1\/2\u2033]Per\u00edmetre art\u00edsticExhibici\u00f3n de grafiti y muralismo en vivo. Exposici\u00f3n de fotograf\u00eda, ilustraci\u00f3n digital.La PalestraEspacio para actuaciones e interpretaciones cercanas al p\u00fablico. En formato solitario o en petit comit\u00e9.El BosquetMarket. Los expositores entre \u00e1rboles y sobre [&hellip;]<\/p>\n","protected":false},"author":1,"featured_media":0,"parent":0,"menu_order":0,"comment_status":"open","ping_status":"closed","template":"","meta":{"footnotes":""},"class_list":["post-9623","page","type-page","status-publish","hentry"],"yoast_head":"<!-- This site is optimized with the Yoast SEO plugin v27.5 - https:\/\/yoast.com\/product\/yoast-seo-wordpress\/ -->\n<title>El lugar - Sunranxx<\/title>\n<meta name=\"robots\" content=\"index, follow, max-snippet:-1, max-image-preview:large, max-video-preview:-1\" \/>\n<link rel=\"canonical\" href=\"https:\/\/sunranxx.com\/es\/el-lugar\/\" \/>\n<meta property=\"og:locale\" content=\"es_ES\" \/>\n<meta property=\"og:type\" content=\"article\" \/>\n<meta property=\"og:title\" content=\"El lugar - Sunranxx\" \/>\n<meta property=\"og:description\" content=\"[vc_row disable_element=\u00bbyes\u00bb][vc_column el_class=\u00bbaligncenter\u00bb]The place to be [\/vc_column][\/vc_row][vc_row full_width=\u00bbstretch_row_content_no_spaces\u00bb][vc_column][vc_single_image image=\u00bb12561\u2033 img_size=\u00bbfull\u00bb alignment=\u00bbcenter\u00bb style=\u00bbvc_box_border\u00bb css=\u00bb.vc_custom_1652346151534{background-position: center !important;background-repeat: no-repeat !important;background-size: contain !important;}\u00bb][\/vc_column][\/vc_row][vc_row full_width=\u00bbstretch_row_content\u00bb][vc_column][vc_row_inner][vc_column_inner width=\u00bb1\/2\u2033]Per\u00edmetre art\u00edsticExhibici\u00f3n de grafiti y muralismo en vivo. Exposici\u00f3n de fotograf\u00eda, ilustraci\u00f3n digital.La PalestraEspacio para actuaciones e interpretaciones cercanas al p\u00fablico. En formato solitario o en petit comit\u00e9.El BosquetMarket. Los expositores entre \u00e1rboles y sobre [&hellip;]\" \/>\n<meta property=\"og:url\" content=\"https:\/\/sunranxx.com\/es\/el-lugar\/\" \/>\n<meta property=\"og:site_name\" content=\"Sunranxx\" \/>\n<meta property=\"article:modified_time\" content=\"2022-05-13T07:07:44+00:00\" \/>\n<meta name=\"twitter:card\" content=\"summary_large_image\" \/>\n<meta name=\"twitter:label1\" content=\"Tiempo de lectura\" \/>\n\t<meta name=\"twitter:data1\" content=\"2 minutos\" \/>\n<script type=\"application\/ld+json\" class=\"yoast-schema-graph\">{\"@context\":\"https:\\\/\\\/schema.org\",\"@graph\":[{\"@type\":\"WebPage\",\"@id\":\"https:\\\/\\\/sunranxx.com\\\/es\\\/el-lugar\\\/\",\"url\":\"https:\\\/\\\/sunranxx.com\\\/es\\\/el-lugar\\\/\",\"name\":\"El lugar - Sunranxx\",\"isPartOf\":{\"@id\":\"https:\\\/\\\/sunranxx.com\\\/es\\\/#website\"},\"datePublished\":\"2020-03-05T15:22:26+00:00\",\"dateModified\":\"2022-05-13T07:07:44+00:00\",\"breadcrumb\":{\"@id\":\"https:\\\/\\\/sunranxx.com\\\/es\\\/el-lugar\\\/#breadcrumb\"},\"inLanguage\":\"es\",\"potentialAction\":[{\"@type\":\"ReadAction\",\"target\":[\"https:\\\/\\\/sunranxx.com\\\/es\\\/el-lugar\\\/\"]}]},{\"@type\":\"BreadcrumbList\",\"@id\":\"https:\\\/\\\/sunranxx.com\\\/es\\\/el-lugar\\\/#breadcrumb\",\"itemListElement\":[{\"@type\":\"ListItem\",\"position\":1,\"name\":\"Inici\",\"item\":\"https:\\\/\\\/sunranxx.com\\\/es\\\/home-esp\\\/\"},{\"@type\":\"ListItem\",\"position\":2,\"name\":\"El lugar\"}]},{\"@type\":\"WebSite\",\"@id\":\"https:\\\/\\\/sunranxx.com\\\/es\\\/#website\",\"url\":\"https:\\\/\\\/sunranxx.com\\\/es\\\/\",\"name\":\"Sunranxx\",\"description\":\"Per escapar de la monotonia i ens deixem sorprendre sensorialment.\",\"publisher\":{\"@id\":\"https:\\\/\\\/sunranxx.com\\\/es\\\/#organization\"},\"potentialAction\":[{\"@type\":\"SearchAction\",\"target\":{\"@type\":\"EntryPoint\",\"urlTemplate\":\"https:\\\/\\\/sunranxx.com\\\/es\\\/?s={search_term_string}\"},\"query-input\":{\"@type\":\"PropertyValueSpecification\",\"valueRequired\":true,\"valueName\":\"search_term_string\"}}],\"inLanguage\":\"es\"},{\"@type\":\"Organization\",\"@id\":\"https:\\\/\\\/sunranxx.com\\\/es\\\/#organization\",\"name\":\"Sunranxx\",\"url\":\"https:\\\/\\\/sunranxx.com\\\/es\\\/\",\"logo\":{\"@type\":\"ImageObject\",\"inLanguage\":\"es\",\"@id\":\"https:\\\/\\\/sunranxx.com\\\/es\\\/#\\\/schema\\\/logo\\\/image\\\/\",\"url\":\"https:\\\/\\\/sunranxx.com\\\/wp-content\\\/uploads\\\/2020\\\/04\\\/ranxx-group.jpg\",\"contentUrl\":\"https:\\\/\\\/sunranxx.com\\\/wp-content\\\/uploads\\\/2020\\\/04\\\/ranxx-group.jpg\",\"width\":960,\"height\":960,\"caption\":\"Sunranxx\"},\"image\":{\"@id\":\"https:\\\/\\\/sunranxx.com\\\/es\\\/#\\\/schema\\\/logo\\\/image\\\/\"}}]}<\/script>\n<!-- \/ Yoast SEO plugin. -->","yoast_head_json":{"title":"El lugar - Sunranxx","robots":{"index":"index","follow":"follow","max-snippet":"max-snippet:-1","max-image-preview":"max-image-preview:large","max-video-preview":"max-video-preview:-1"},"canonical":"https:\/\/sunranxx.com\/es\/el-lugar\/","og_locale":"es_ES","og_type":"article","og_title":"El lugar - Sunranxx","og_description":"[vc_row disable_element=\u00bbyes\u00bb][vc_column el_class=\u00bbaligncenter\u00bb]The place to be [\/vc_column][\/vc_row][vc_row full_width=\u00bbstretch_row_content_no_spaces\u00bb][vc_column][vc_single_image image=\u00bb12561\u2033 img_size=\u00bbfull\u00bb alignment=\u00bbcenter\u00bb style=\u00bbvc_box_border\u00bb css=\u00bb.vc_custom_1652346151534{background-position: center !important;background-repeat: no-repeat !important;background-size: contain !important;}\u00bb][\/vc_column][\/vc_row][vc_row full_width=\u00bbstretch_row_content\u00bb][vc_column][vc_row_inner][vc_column_inner width=\u00bb1\/2\u2033]Per\u00edmetre art\u00edsticExhibici\u00f3n de grafiti y muralismo en vivo. Exposici\u00f3n de fotograf\u00eda, ilustraci\u00f3n digital.La PalestraEspacio para actuaciones e interpretaciones cercanas al p\u00fablico. En formato solitario o en petit comit\u00e9.El BosquetMarket. Los expositores entre \u00e1rboles y sobre [&hellip;]","og_url":"https:\/\/sunranxx.com\/es\/el-lugar\/","og_site_name":"Sunranxx","article_modified_time":"2022-05-13T07:07:44+00:00","twitter_card":"summary_large_image","twitter_misc":{"Tiempo de lectura":"2 minutos"},"schema":{"@context":"https:\/\/schema.org","@graph":[{"@type":"WebPage","@id":"https:\/\/sunranxx.com\/es\/el-lugar\/","url":"https:\/\/sunranxx.com\/es\/el-lugar\/","name":"El lugar - Sunranxx","isPartOf":{"@id":"https:\/\/sunranxx.com\/es\/#website"},"datePublished":"2020-03-05T15:22:26+00:00","dateModified":"2022-05-13T07:07:44+00:00","breadcrumb":{"@id":"https:\/\/sunranxx.com\/es\/el-lugar\/#breadcrumb"},"inLanguage":"es","potentialAction":[{"@type":"ReadAction","target":["https:\/\/sunranxx.com\/es\/el-lugar\/"]}]},{"@type":"BreadcrumbList","@id":"https:\/\/sunranxx.com\/es\/el-lugar\/#breadcrumb","itemListElement":[{"@type":"ListItem","position":1,"name":"Inici","item":"https:\/\/sunranxx.com\/es\/home-esp\/"},{"@type":"ListItem","position":2,"name":"El lugar"}]},{"@type":"WebSite","@id":"https:\/\/sunranxx.com\/es\/#website","url":"https:\/\/sunranxx.com\/es\/","name":"Sunranxx","description":"Per escapar de la monotonia i ens deixem sorprendre sensorialment.","publisher":{"@id":"https:\/\/sunranxx.com\/es\/#organization"},"potentialAction":[{"@type":"SearchAction","target":{"@type":"EntryPoint","urlTemplate":"https:\/\/sunranxx.com\/es\/?s={search_term_string}"},"query-input":{"@type":"PropertyValueSpecification","valueRequired":true,"valueName":"search_term_string"}}],"inLanguage":"es"},{"@type":"Organization","@id":"https:\/\/sunranxx.com\/es\/#organization","name":"Sunranxx","url":"https:\/\/sunranxx.com\/es\/","logo":{"@type":"ImageObject","inLanguage":"es","@id":"https:\/\/sunranxx.com\/es\/#\/schema\/logo\/image\/","url":"https:\/\/sunranxx.com\/wp-content\/uploads\/2020\/04\/ranxx-group.jpg","contentUrl":"https:\/\/sunranxx.com\/wp-content\/uploads\/2020\/04\/ranxx-group.jpg","width":960,"height":960,"caption":"Sunranxx"},"image":{"@id":"https:\/\/sunranxx.com\/es\/#\/schema\/logo\/image\/"}}]}},"brizy_media":[],"_links":{"self":[{"href":"https:\/\/sunranxx.com\/es\/wp-json\/wp\/v2\/pages\/9623","targetHints":{"allow":["GET"]}}],"collection":[{"href":"https:\/\/sunranxx.com\/es\/wp-json\/wp\/v2\/pages"}],"about":[{"href":"https:\/\/sunranxx.com\/es\/wp-json\/wp\/v2\/types\/page"}],"author":[{"embeddable":true,"href":"https:\/\/sunranxx.com\/es\/wp-json\/wp\/v2\/users\/1"}],"replies":[{"embeddable":true,"href":"https:\/\/sunranxx.com\/es\/wp-json\/wp\/v2\/comments?post=9623"}],"version-history":[{"count":30,"href":"https:\/\/sunranxx.com\/es\/wp-json\/wp\/v2\/pages\/9623\/revisions"}],"predecessor-version":[{"id":12622,"href":"https:\/\/sunranxx.com\/es\/wp-json\/wp\/v2\/pages\/9623\/revisions\/12622"}],"wp:attachment":[{"href":"https:\/\/sunranxx.com\/es\/wp-json\/wp\/v2\/media?parent=9623"}],"curies":[{"name":"wp","href":"https:\/\/api.w.org\/{rel}","templated":true}]}}